{"id":1433,"date":"2023-12-08T10:58:34","date_gmt":"2023-12-08T16:58:34","guid":{"rendered":"https:\/\/home.grupocice.com\/?page_id=1433"},"modified":"2024-02-08T08:54:25","modified_gmt":"2024-02-08T14:54:25","slug":"medios","status":"publish","type":"page","link":"https:\/\/home.grupocice.com\/en\/medios\/","title":{"rendered":"Media"},"content":{"rendered":"\t\t<div data-elementor-type=\"wp-page\" data-elementor-id=\"1433\" class=\"elementor elementor-1433\" data-elementor-post-type=\"page\">\n\t\t\t\t\t\t<section class=\"elementor-section elementor-top-section elementor-element elementor-element-abcac9c elementor-section-height-min-height elementor-section-boxed elementor-section-height-default elementor-section-items-middle\" data-id=\"abcac9c\" data-element_type=\"section\" data-e-type=\"section\" data-settings=\"{&quot;jet_parallax_layout_list&quot;:[{&quot;jet_parallax_layout_image&quot;:{&quot;url&quot;:&quot;&quot;,&quot;id&quot;:&quot;&quot;,&quot;size&quot;:&quot;&quot;},&quot;_id&quot;:&quot;0767dbc&quot;,&quot;jet_parallax_layout_speed&quot;:{&quot;unit&quot;:&quot;%&quot;,&quot;size&quot;:&quot;50&quot;,&quot;sizes&quot;:[]},&quot;jet_parallax_layout_bg_x&quot;:&quot;50&quot;,&quot;jet_parallax_layout_bg_y&quot;:&quot;50&quot;,&quot;jet_parallax_layout_image_tablet&quot;:{&quot;url&quot;:&quot;&quot;,&quot;id&quot;:&quot;&quot;,&quot;size&quot;:&quot;&quot;},&quot;jet_parallax_layout_image_mobile&quot;:{&quot;url&quot;:&quot;&quot;,&quot;id&quot;:&quot;&quot;,&quot;size&quot;:&quot;&quot;},&quot;jet_parallax_layout_type&quot;:&quot;scroll&quot;,&quot;jet_parallax_layout_direction&quot;:&quot;1&quot;,&quot;jet_parallax_layout_fx_direction&quot;:null,&quot;jet_parallax_layout_z_index&quot;:&quot;&quot;,&quot;jet_parallax_layout_bg_x_tablet&quot;:&quot;&quot;,&quot;jet_parallax_layout_bg_x_mobile&quot;:&quot;&quot;,&quot;jet_parallax_layout_bg_y_tablet&quot;:&quot;&quot;,&quot;jet_parallax_layout_bg_y_mobile&quot;:&quot;&quot;,&quot;jet_parallax_layout_bg_size&quot;:&quot;auto&quot;,&quot;jet_parallax_layout_bg_size_tablet&quot;:&quot;&quot;,&quot;jet_parallax_layout_bg_size_mobile&quot;:&quot;&quot;,&quot;jet_parallax_layout_animation_prop&quot;:&quot;transform&quot;,&quot;jet_parallax_layout_on&quot;:[&quot;desktop&quot;,&quot;tablet&quot;]}],&quot;background_background&quot;:&quot;classic&quot;}\">\n\t\t\t\t\t\t<div class=\"elementor-container elementor-column-gap-default\">\n\t\t\t\t\t<div class=\"elementor-column elementor-col-100 elementor-top-column elementor-element elementor-element-fcb6f47\" data-id=\"fcb6f47\" data-element_type=\"column\" data-e-type=\"column\">\n\t\t\t<div class=\"elementor-widget-wrap elementor-element-populated\">\n\t\t\t\t\t\t<div class=\"elementor-element elementor-element-a8b7b1f elementor-align-center elementor-widget elementor-widget-raven-heading\" data-id=\"a8b7b1f\" data-element_type=\"widget\" data-e-type=\"widget\" data-widget_type=\"raven-heading.default\">\n\t\t\t\t<div class=\"elementor-widget-container\">\n\t\t\t\t\t\t\t<div class=\"raven-widget-wrapper\"><h1 class=\"raven-heading raven-heading-h1\"><span class=\"raven-heading-title \">Noticias<\/span><\/h1><\/div>\n\t\t\t\t\t\t<\/div>\n\t\t\t\t<\/div>\n\t\t\t\t\t<\/div>\n\t\t<\/div>\n\t\t\t\t\t<\/div>\n\t\t<\/section>\n\t\t\t\t<section class=\"elementor-section elementor-top-section elementor-element elementor-element-4a2c105 elementor-section-boxed elementor-section-height-default elementor-section-height-default\" data-id=\"4a2c105\" data-element_type=\"section\" data-e-type=\"section\" data-settings=\"{&quot;jet_parallax_layout_list&quot;:[]}\">\n\t\t\t\t\t\t<div class=\"elementor-container elementor-column-gap-default\">\n\t\t\t\t\t<div class=\"elementor-column elementor-col-100 elementor-top-column elementor-element elementor-element-aa648fc\" data-id=\"aa648fc\" data-element_type=\"column\" data-e-type=\"column\">\n\t\t\t<div class=\"elementor-widget-wrap elementor-element-populated\">\n\t\t\t\t\t\t<div class=\"elementor-element elementor-element-bf293aa elementor-widget elementor-widget-raven-posts\" data-id=\"bf293aa\" data-element_type=\"widget\" data-e-type=\"widget\" data-settings=\"{&quot;classic_columns&quot;:&quot;2&quot;,&quot;query_posts_per_page&quot;:4,&quot;classic_show_pagination&quot;:&quot;yes&quot;,&quot;classic_pagination_type&quot;:&quot;infinite_load&quot;,&quot;_skin&quot;:&quot;classic&quot;,&quot;classic_layout&quot;:&quot;grid&quot;,&quot;classic_columns_tablet&quot;:&quot;2&quot;,&quot;classic_columns_mobile&quot;:&quot;1&quot;,&quot;query_offset&quot;:0}\" data-widget_type=\"raven-posts.classic\">\n\t\t\t\t<div class=\"elementor-widget-container\">\n\t\t\t\t\t\t\t<div class=\"raven-posts raven-grid raven-grid-2 raven-grid-mobile-1 raven-grid-tablet-2\" data-post-id=\"1433\" data-archive-query=\"\" data-lang=\"\">\n\t\t\t\t<div class=\"raven-grid-item raven-post-item post-7404 post type-post status-publish format-standard has-post-thumbnail hentry category-uncategorized\">\n\t\t\t<div class=\"raven-post\">\n\t\t\t\t\t\t<div class=\"raven-post-image-wrap\">\n\t\t\t<a class=\"raven-post-image raven-image-fit\" href=\"https:\/\/home.grupocice.com\/en\/grupo-cice-fortalece-su-transformacion-digital-para-impulsar-la-eficiencia-portuaria\/\"><img fetchpriority=\"high\" decoding=\"async\" width=\"1024\" height=\"576\" src=\"https:\/\/home.grupocice.com\/wp-content\/uploads\/2026\/03\/Grupo-CICE-consolida-su-estrategia-digital-para-optimizar-procesos-portuarios-1-1024x576.jpg\" class=\"attachment-large size-large wp-image-7418\" alt=\"\" srcset=\"https:\/\/home.grupocice.com\/wp-content\/uploads\/2026\/03\/Grupo-CICE-consolida-su-estrategia-digital-para-optimizar-procesos-portuarios-1-1024x576.jpg 1024w, https:\/\/home.grupocice.com\/wp-content\/uploads\/2026\/03\/Grupo-CICE-consolida-su-estrategia-digital-para-optimizar-procesos-portuarios-1-300x169.jpg 300w, https:\/\/home.grupocice.com\/wp-content\/uploads\/2026\/03\/Grupo-CICE-consolida-su-estrategia-digital-para-optimizar-procesos-portuarios-1-768x432.jpg 768w, https:\/\/home.grupocice.com\/wp-content\/uploads\/2026\/03\/Grupo-CICE-consolida-su-estrategia-digital-para-optimizar-procesos-portuarios-1-1536x864.jpg 1536w, https:\/\/home.grupocice.com\/wp-content\/uploads\/2026\/03\/Grupo-CICE-consolida-su-estrategia-digital-para-optimizar-procesos-portuarios-1-2048x1152.jpg 2048w, https:\/\/home.grupocice.com\/wp-content\/uploads\/2026\/03\/Grupo-CICE-consolida-su-estrategia-digital-para-optimizar-procesos-portuarios-1-18x10.jpg 18w\" sizes=\"(max-width: 1024px) 100vw, 1024px\" \/> <span class=\"raven-post-image-overlay\"><\/span><\/a>\t\t<\/div>\n\t\t\t\t\t\t<div class=\"raven-post-content\">\n\t\t\t\t\t<h3 class=\"raven-post-title\"><a class=\"raven-post-title-link\" href=\"https:\/\/home.grupocice.com\/en\/grupo-cice-fortalece-su-transformacion-digital-para-impulsar-la-eficiencia-portuaria\/\">Grupo CICE fortalece su transformaci\u00f3n digital para impulsar la eficiencia portuaria<\/a><\/h3>\t\t<div class=\"raven-post-meta\"><a class=\"raven-post-meta-item raven-post-date\" href=\"https:\/\/home.grupocice.com\/en\/2026\/03\/\" rel=\"bookmark\">March 17, 2026<\/a><\/div>\n\t\t<div class=\"raven-post-excerpt\">Veracruz, Ver.-\u00a0Grupo CICE contin\u00faa consolidando su posicionamiento como un actor log\u00edstico confiable, eficiente y alineado con los est\u00e1ndares internacionales de digitalizaci\u00f3n portuaria, mediante la incorporaci\u00f3n de soluciones tecnol\u00f3gicas orientadas a<\/div>\t\t<div class=\"raven-post-read-more\">\n\t\t\t<a class=\"raven-post-button\" href=\"https:\/\/home.grupocice.com\/en\/grupo-cice-fortalece-su-transformacion-digital-para-impulsar-la-eficiencia-portuaria\/\"><span class=\"raven-post-button-text\">Continuar leyendo<\/span><\/a>\n\t\t<\/div>\n\t\t\t\t\t\t<\/div>\n\t\t\t<\/div>\n\t\t<\/div>\n\t\t\t\t<div class=\"raven-grid-item raven-post-item post-7270 post type-post status-publish format-standard has-post-thumbnail hentry category-uncategorized\">\n\t\t\t<div class=\"raven-post\">\n\t\t\t\t\t\t<div class=\"raven-post-image-wrap\">\n\t\t\t<a class=\"raven-post-image raven-image-fit\" href=\"https:\/\/home.grupocice.com\/en\/grupo-cice-es-reconocido-con-el-sello-hecho-en-mexico-como-empresa-de-origen-nacional-lider-en-el-sector-logistico\/\"><img decoding=\"async\" width=\"1024\" height=\"638\" src=\"https:\/\/home.grupocice.com\/wp-content\/uploads\/2026\/03\/Hecho-en-Mexico-Grupo-CICE-1-1024x638.jpg\" class=\"attachment-large size-large wp-image-7419\" alt=\"\" srcset=\"https:\/\/home.grupocice.com\/wp-content\/uploads\/2026\/03\/Hecho-en-Mexico-Grupo-CICE-1-1024x638.jpg 1024w, https:\/\/home.grupocice.com\/wp-content\/uploads\/2026\/03\/Hecho-en-Mexico-Grupo-CICE-1-300x187.jpg 300w, https:\/\/home.grupocice.com\/wp-content\/uploads\/2026\/03\/Hecho-en-Mexico-Grupo-CICE-1-768x479.jpg 768w, https:\/\/home.grupocice.com\/wp-content\/uploads\/2026\/03\/Hecho-en-Mexico-Grupo-CICE-1-1536x958.jpg 1536w, https:\/\/home.grupocice.com\/wp-content\/uploads\/2026\/03\/Hecho-en-Mexico-Grupo-CICE-1-2048x1277.jpg 2048w, https:\/\/home.grupocice.com\/wp-content\/uploads\/2026\/03\/Hecho-en-Mexico-Grupo-CICE-1-18x12.jpg 18w\" sizes=\"(max-width: 1024px) 100vw, 1024px\" \/> <span class=\"raven-post-image-overlay\"><\/span><\/a>\t\t<\/div>\n\t\t\t\t\t\t<div class=\"raven-post-content\">\n\t\t\t\t\t<h3 class=\"raven-post-title\"><a class=\"raven-post-title-link\" href=\"https:\/\/home.grupocice.com\/en\/grupo-cice-es-reconocido-con-el-sello-hecho-en-mexico-como-empresa-de-origen-nacional-lider-en-el-sector-logistico\/\">Grupo CICE es reconocido con el sello \u201cHecho en M\u00e9xico\u201d como empresa de origen nacional l\u00edder en el sector log\u00edstico<\/a><\/h3>\t\t<div class=\"raven-post-meta\"><a class=\"raven-post-meta-item raven-post-date\" href=\"https:\/\/home.grupocice.com\/en\/2026\/03\/\" rel=\"bookmark\">March 11, 2026<\/a><\/div>\n\t\t<div class=\"raven-post-excerpt\">Veracruz, Ver.- Grupo CICE obtuvo el sello \u201cHecho en M\u00e9xico\u201d, distintivo otorgado por la Secretar\u00eda de Econom\u00eda que reconoce a productos y servicios desarrollados en el pa\u00eds que representan calidad,<\/div>\t\t<div class=\"raven-post-read-more\">\n\t\t\t<a class=\"raven-post-button\" href=\"https:\/\/home.grupocice.com\/en\/grupo-cice-es-reconocido-con-el-sello-hecho-en-mexico-como-empresa-de-origen-nacional-lider-en-el-sector-logistico\/\"><span class=\"raven-post-button-text\">Continuar leyendo<\/span><\/a>\n\t\t<\/div>\n\t\t\t\t\t\t<\/div>\n\t\t\t<\/div>\n\t\t<\/div>\n\t\t\t\t<div class=\"raven-grid-item raven-post-item post-7313 post type-post status-publish format-standard has-post-thumbnail hentry category-uncategorized\">\n\t\t\t<div class=\"raven-post\">\n\t\t\t\t\t\t<div class=\"raven-post-image-wrap\">\n\t\t\t<a class=\"raven-post-image raven-image-fit\" href=\"https:\/\/home.grupocice.com\/en\/reconocimiento-al-liderazgo-empresarial-en-mexico-alfonso-diaz-de-vega-presidente-del-consejo-de-grupo-cice-recibe-galardon-de-t21\/\"><img decoding=\"async\" width=\"1024\" height=\"560\" src=\"https:\/\/home.grupocice.com\/wp-content\/uploads\/2026\/03\/Reconocimiento-al-liderazgo-empresarial-en-Mexico-Alfonso-Diaz-de-Vega-Presidente-del-Consejo-de-Grupo-CICE-recibe-galardon-de-T21-1024x560.jpg\" class=\"attachment-large size-large wp-image-7315\" alt=\"\" srcset=\"https:\/\/home.grupocice.com\/wp-content\/uploads\/2026\/03\/Reconocimiento-al-liderazgo-empresarial-en-Mexico-Alfonso-Diaz-de-Vega-Presidente-del-Consejo-de-Grupo-CICE-recibe-galardon-de-T21-1024x560.jpg 1024w, https:\/\/home.grupocice.com\/wp-content\/uploads\/2026\/03\/Reconocimiento-al-liderazgo-empresarial-en-Mexico-Alfonso-Diaz-de-Vega-Presidente-del-Consejo-de-Grupo-CICE-recibe-galardon-de-T21-300x164.jpg 300w, https:\/\/home.grupocice.com\/wp-content\/uploads\/2026\/03\/Reconocimiento-al-liderazgo-empresarial-en-Mexico-Alfonso-Diaz-de-Vega-Presidente-del-Consejo-de-Grupo-CICE-recibe-galardon-de-T21-768x420.jpg 768w, https:\/\/home.grupocice.com\/wp-content\/uploads\/2026\/03\/Reconocimiento-al-liderazgo-empresarial-en-Mexico-Alfonso-Diaz-de-Vega-Presidente-del-Consejo-de-Grupo-CICE-recibe-galardon-de-T21-18x10.jpg 18w, https:\/\/home.grupocice.com\/wp-content\/uploads\/2026\/03\/Reconocimiento-al-liderazgo-empresarial-en-Mexico-Alfonso-Diaz-de-Vega-Presidente-del-Consejo-de-Grupo-CICE-recibe-galardon-de-T21.jpg 1029w\" sizes=\"(max-width: 1024px) 100vw, 1024px\" \/> <span class=\"raven-post-image-overlay\"><\/span><\/a>\t\t<\/div>\n\t\t\t\t\t\t<div class=\"raven-post-content\">\n\t\t\t\t\t<h3 class=\"raven-post-title\"><a class=\"raven-post-title-link\" href=\"https:\/\/home.grupocice.com\/en\/reconocimiento-al-liderazgo-empresarial-en-mexico-alfonso-diaz-de-vega-presidente-del-consejo-de-grupo-cice-recibe-galardon-de-t21\/\">Reconocimiento al liderazgo empresarial en M\u00e9xico: Alfonso D\u00edaz de Vega, Presidente del Consejo de Grupo CICE, recibe galard\u00f3n de T21<\/a><\/h3>\t\t<div class=\"raven-post-meta\"><a class=\"raven-post-meta-item raven-post-date\" href=\"https:\/\/home.grupocice.com\/en\/2026\/03\/\" rel=\"bookmark\">March 6, 2026<\/a><\/div>\n\t\t<div class=\"raven-post-excerpt\">Veracruz, Ver.- En el marco de la edici\u00f3n 2026 de Los 100+ Influyentes del Transporte y la Log\u00edstica, organizada por Grupo T21, medio especializado y referente en informaci\u00f3n del sector<\/div>\t\t<div class=\"raven-post-read-more\">\n\t\t\t<a class=\"raven-post-button\" href=\"https:\/\/home.grupocice.com\/en\/reconocimiento-al-liderazgo-empresarial-en-mexico-alfonso-diaz-de-vega-presidente-del-consejo-de-grupo-cice-recibe-galardon-de-t21\/\"><span class=\"raven-post-button-text\">Continuar leyendo<\/span><\/a>\n\t\t<\/div>\n\t\t\t\t\t\t<\/div>\n\t\t\t<\/div>\n\t\t<\/div>\n\t\t\t\t<div class=\"raven-grid-item raven-post-item post-7281 post type-post status-publish format-standard has-post-thumbnail hentry category-uncategorized\">\n\t\t\t<div class=\"raven-post\">\n\t\t\t\t\t\t<div class=\"raven-post-image-wrap\">\n\t\t\t<a class=\"raven-post-image raven-image-fit\" href=\"https:\/\/home.grupocice.com\/en\/grupo-cice-obtiene-por-13-anos-consecutivos-el-distintivo-esr-otorgado-por-cemefi\/\"><img loading=\"lazy\" decoding=\"async\" width=\"1024\" height=\"643\" src=\"https:\/\/home.grupocice.com\/wp-content\/uploads\/2026\/03\/ESR-1024x643.jpg\" class=\"attachment-large size-large wp-image-7283\" alt=\"\" srcset=\"https:\/\/home.grupocice.com\/wp-content\/uploads\/2026\/03\/ESR-1024x643.jpg 1024w, https:\/\/home.grupocice.com\/wp-content\/uploads\/2026\/03\/ESR-300x188.jpg 300w, https:\/\/home.grupocice.com\/wp-content\/uploads\/2026\/03\/ESR-768x483.jpg 768w, https:\/\/home.grupocice.com\/wp-content\/uploads\/2026\/03\/ESR-1536x965.jpg 1536w, https:\/\/home.grupocice.com\/wp-content\/uploads\/2026\/03\/ESR-2048x1287.jpg 2048w, https:\/\/home.grupocice.com\/wp-content\/uploads\/2026\/03\/ESR-18x12.jpg 18w\" sizes=\"(max-width: 1024px) 100vw, 1024px\" \/> <span class=\"raven-post-image-overlay\"><\/span><\/a>\t\t<\/div>\n\t\t\t\t\t\t<div class=\"raven-post-content\">\n\t\t\t\t\t<h3 class=\"raven-post-title\"><a class=\"raven-post-title-link\" href=\"https:\/\/home.grupocice.com\/en\/grupo-cice-obtiene-por-13-anos-consecutivos-el-distintivo-esr-otorgado-por-cemefi\/\">Grupo CICE obtiene por 13 a\u00f1os consecutivos el Distintivo ESR otorgado por CEMEFI<\/a><\/h3>\t\t<div class=\"raven-post-meta\"><a class=\"raven-post-meta-item raven-post-date\" href=\"https:\/\/home.grupocice.com\/en\/2026\/03\/\" rel=\"bookmark\">March 5, 2026<\/a><\/div>\n\t\t<div class=\"raven-post-excerpt\">Veracruz, Ver.- Por d\u00e9cimo tercer a\u00f1o consecutivo, Grupo CICE ha sido reconocido con el Distintivo Empresa Socialmente Responsable (ESR), otorgado por el Centro Mexicano para la Filantrop\u00eda, una distinci\u00f3n que<\/div>\t\t<div class=\"raven-post-read-more\">\n\t\t\t<a class=\"raven-post-button\" href=\"https:\/\/home.grupocice.com\/en\/grupo-cice-obtiene-por-13-anos-consecutivos-el-distintivo-esr-otorgado-por-cemefi\/\"><span class=\"raven-post-button-text\">Continuar leyendo<\/span><\/a>\n\t\t<\/div>\n\t\t\t\t\t\t<\/div>\n\t\t\t<\/div>\n\t\t<\/div>\n\t\t\t\t<\/div>\n\t\t<span class=\"raven-infinite-load\"><\/span>\t\t\t\t<\/div>\n\t\t\t\t<\/div>\n\t\t\t\t\t<\/div>\n\t\t<\/div>\n\t\t\t\t\t<\/div>\n\t\t<\/section>\n\t\t\t\t<\/div>\n\t\t","protected":false},"excerpt":{"rendered":"<p>Noticias Servicio \u201cGulf Caribbean Service\u201d de Hapag Lloyd inicia operaciones en CICE Veracruz diciembre 31, 2023 Veracruz, Ver.- A primera hora del viernes 29 de diciembre de 2023, atrac\u00f3 en el Muelle 7-Sur en la Bah\u00eda Sur del Puerto de Veracruz, el Buque \u201cProtostar N\u201d de\u00a0Hapag Continuar leyendo Fundaci\u00f3n CICE celebra el inicio del programa [&hellip;]<\/p>\n","protected":false},"author":1,"featured_media":0,"parent":0,"menu_order":0,"comment_status":"closed","ping_status":"closed","template":"","meta":{"_acf_changed":false,"footnotes":""},"class_list":["post-1433","page","type-page","status-publish","hentry"],"acf":[],"aioseo_notices":[],"_links":{"self":[{"href":"https:\/\/home.grupocice.com\/en\/wp-json\/wp\/v2\/pages\/1433","targetHints":{"allow":["GET"]}}],"collection":[{"href":"https:\/\/home.grupocice.com\/en\/wp-json\/wp\/v2\/pages"}],"about":[{"href":"https:\/\/home.grupocice.com\/en\/wp-json\/wp\/v2\/types\/page"}],"author":[{"embeddable":true,"href":"https:\/\/home.grupocice.com\/en\/wp-json\/wp\/v2\/users\/1"}],"replies":[{"embeddable":true,"href":"https:\/\/home.grupocice.com\/en\/wp-json\/wp\/v2\/comments?post=1433"}],"version-history":[{"count":28,"href":"https:\/\/home.grupocice.com\/en\/wp-json\/wp\/v2\/pages\/1433\/revisions"}],"predecessor-version":[{"id":1856,"href":"https:\/\/home.grupocice.com\/en\/wp-json\/wp\/v2\/pages\/1433\/revisions\/1856"}],"wp:attachment":[{"href":"https:\/\/home.grupocice.com\/en\/wp-json\/wp\/v2\/media?parent=1433"}],"curies":[{"name":"wp","href":"https:\/\/api.w.org\/{rel}","templated":true}]}}