{"id":6535,"date":"2025-10-06T13:14:53","date_gmt":"2025-10-06T19:14:53","guid":{"rendered":"https:\/\/home.grupocice.com\/?page_id=6535"},"modified":"2025-10-06T13:22:08","modified_gmt":"2025-10-06T19:22:08","slug":"becas-compromiso-cice-2025","status":"publish","type":"page","link":"https:\/\/home.grupocice.com\/en\/becas-compromiso-cice-2025\/","title":{"rendered":"Becas Compromiso CICE 2025"},"content":{"rendered":"<p data-start=\"199\" data-end=\"848\"><a href=\"https:\/\/home.grupocice.com\/wp-content\/uploads\/2025\/09\/Becas-Compromiso-CICE-2025-1-scaled.jpg\"><img fetchpriority=\"high\" decoding=\"async\" class=\"alignnone wp-image-6490\" src=\"https:\/\/home.grupocice.com\/wp-content\/uploads\/2025\/09\/Becas-Compromiso-CICE-2025-1-300x137.jpg\" alt=\"\" width=\"797\" height=\"364\" srcset=\"https:\/\/home.grupocice.com\/wp-content\/uploads\/2025\/09\/Becas-Compromiso-CICE-2025-1-300x137.jpg 300w, https:\/\/home.grupocice.com\/wp-content\/uploads\/2025\/09\/Becas-Compromiso-CICE-2025-1-1024x468.jpg 1024w, https:\/\/home.grupocice.com\/wp-content\/uploads\/2025\/09\/Becas-Compromiso-CICE-2025-1-768x351.jpg 768w, https:\/\/home.grupocice.com\/wp-content\/uploads\/2025\/09\/Becas-Compromiso-CICE-2025-1-1536x703.jpg 1536w, https:\/\/home.grupocice.com\/wp-content\/uploads\/2025\/09\/Becas-Compromiso-CICE-2025-1-2048x937.jpg 2048w, https:\/\/home.grupocice.com\/wp-content\/uploads\/2025\/09\/Becas-Compromiso-CICE-2025-1-18x8.jpg 18w\" sizes=\"(max-width: 797px) 100vw, 797px\" \/><\/a><\/p>\n<p data-start=\"199\" data-end=\"848\"><strong data-start=\"199\" data-end=\"224\">Becas Compromiso CICE<\/strong> es un programa de responsabilidad social impulsado por <strong data-start=\"280\" data-end=\"322\">Grupo CICE, a trav\u00e9s de Fundaci\u00f3n CICE<\/strong>, que desde hace <strong>diecis\u00e9is<\/strong> <strong data-start=\"339\" data-end=\"358\">a\u00f1os<\/strong> promueve la continuidad educativa de j\u00f3venes de <strong data-start=\"407\" data-end=\"457\">secundaria, bachillerato y nivel universitario<\/strong>. A lo largo de este tiempo, se ha consolidado como una iniciativa que reconoce el esfuerzo acad\u00e9mico y fomenta valores como la disciplina, la constancia y el compromiso social. Su impacto ha trascendido en las regiones de <strong data-start=\"680\" data-end=\"720\">Veracruz, Tampico y Estado de M\u00e9xico<\/strong>, fortaleciendo el desarrollo acad\u00e9mico y humano de decenas de estudiantes que hoy representan el presente y futuro de M\u00e9xico.<\/p>\n<h5 data-start=\"199\" data-end=\"848\"><strong>Conoce a los estudiantes beneficiados en la edici\u00f3n 2025<\/strong><\/h5>\n<h5 data-start=\"199\" data-end=\"848\"><span style=\"color: #003366;\"><strong>SECUNDARIA<\/strong><\/span><\/h5>\n<ul>\n<li data-start=\"199\" data-end=\"848\">Alex Biel Jasso Tavares<\/li>\n<li data-start=\"199\" data-end=\"848\">Miguel \u00c1ngel Morales Vald\u00e9s<\/li>\n<li data-start=\"199\" data-end=\"848\">Itzia Valentina \u00c1vila Reyes<\/li>\n<li data-start=\"199\" data-end=\"848\">Zaidy Cabrera Monsiv\u00e1is<\/li>\n<li data-start=\"199\" data-end=\"848\">Amadis Chipuli Sosa<\/li>\n<li data-start=\"199\" data-end=\"848\">Cristhian Alexander Palma Barradas<\/li>\n<li data-start=\"199\" data-end=\"848\">David Hern\u00e1ndez Vargas<\/li>\n<li data-start=\"199\" data-end=\"848\">Emily Rosas Rosas<\/li>\n<li data-start=\"199\" data-end=\"848\">Jade Elizabeth \u00c1lvarez Ram\u00edrez<\/li>\n<li data-start=\"199\" data-end=\"848\">Rosemary Sama\u00ed Covarrubias Mart\u00ednez<\/li>\n<\/ul>\n<h5 data-start=\"199\" data-end=\"848\"><span style=\"color: #003366;\">BACHILLERATO<\/span><\/h5>\n<ul>\n<li data-start=\"199\" data-end=\"848\">Azul Alexa Barradas Ram\u00edrez<\/li>\n<li data-start=\"199\" data-end=\"848\">Miranda Danay B\u00e1ez Hern\u00e1ndez<\/li>\n<li data-start=\"199\" data-end=\"848\">Carolina del Carmen Herrera M\u00e9ndez<\/li>\n<li data-start=\"199\" data-end=\"848\">Marcos Yeray L\u00f3pez Lara<\/li>\n<li data-start=\"199\" data-end=\"848\">Manuel Le\u00f3n Ang Bagundo<\/li>\n<li data-start=\"199\" data-end=\"848\">Daniela Tanairi Vicente Lara<\/li>\n<li data-start=\"199\" data-end=\"848\">Brayan Alexander Ramos Atilano<\/li>\n<li data-start=\"199\" data-end=\"848\">Maria Luisa Garc\u00eda Rivera<\/li>\n<li data-start=\"199\" data-end=\"848\">Juan De Jes\u00fas Huerta N\u00e1jera<\/li>\n<li data-start=\"199\" data-end=\"848\">Jade Esthefan\u00eda Aguilar Osorio<\/li>\n<li data-start=\"199\" data-end=\"848\">Yaret Dom\u00ednguez Pichal<\/li>\n<li data-start=\"199\" data-end=\"848\">Vanessa Janet Pablo Rojas<\/li>\n<li data-start=\"199\" data-end=\"848\">H\u00e9ctor Uriel Jim\u00e9nez Ayala<\/li>\n<li data-start=\"199\" data-end=\"848\">Abril Gonz\u00e1lez Sarmiento<\/li>\n<li data-start=\"199\" data-end=\"848\">Gerardo Zahir Ram\u00edrez Garc\u00eda<\/li>\n<li data-start=\"199\" data-end=\"848\">Aar\u00f3n Portugal Roque<\/li>\n<li data-start=\"199\" data-end=\"848\">Alisson Alexa Mart\u00ednez Morales<\/li>\n<li data-start=\"199\" data-end=\"848\">Luis Alberto Santiago Aguilar<\/li>\n<li data-start=\"199\" data-end=\"848\">Cristiano Ronaldo Cruz Morales<\/li>\n<li data-start=\"199\" data-end=\"848\">Keira Alejandra Acosta Guti\u00e9rrez<\/li>\n<li data-start=\"199\" data-end=\"848\">Tomas Alberto P\u00e9rez Gonz\u00e1lez<\/li>\n<li data-start=\"199\" data-end=\"848\">Erick Gael Jerezano G\u00f3mez<\/li>\n<li data-start=\"199\" data-end=\"848\">Lionel Quezada Colorado<\/li>\n<li data-start=\"199\" data-end=\"848\">Dayana Geraldine Garc\u00eda Pulido<\/li>\n<li data-start=\"199\" data-end=\"848\">Daniela L\u00f3pez Reyes<\/li>\n<\/ul>\n<h5 data-start=\"199\" data-end=\"848\"><span style=\"color: #003366;\"><strong>UNIVERSIDAD<\/strong><\/span><\/h5>\n<ul>\n<li data-start=\"199\" data-end=\"848\">Arantxa Itzel Mel\u00e9ndez Morales<\/li>\n<li data-start=\"199\" data-end=\"848\">Alan Osvaldo Campos Azamar<\/li>\n<li data-start=\"199\" data-end=\"848\">Odalis Manuel Zavala<\/li>\n<li data-start=\"199\" data-end=\"848\">Edgar Rafael Rol\u00f3n Hern\u00e1ndez<\/li>\n<li data-start=\"199\" data-end=\"848\">Erick Marcelo Del Pilar<\/li>\n<li data-start=\"199\" data-end=\"848\">Joanna Polette Tapia Lagunes<\/li>\n<li data-start=\"199\" data-end=\"848\">Montserrat Ira\u00eds Camarillo<\/li>\n<li data-start=\"199\" data-end=\"848\">Yexal\u00e9n Croda Tejeda<\/li>\n<li data-start=\"199\" data-end=\"848\">Karime Peralta Capitaine<\/li>\n<li data-start=\"199\" data-end=\"848\">Omary Alejandro G\u00f3mez<\/li>\n<li data-start=\"199\" data-end=\"848\">Michelle Uscanga Rodr\u00edguez<\/li>\n<li data-start=\"199\" data-end=\"848\">Perla Rub\u00ed Nicole Colorado Rojas<\/li>\n<li data-start=\"199\" data-end=\"848\">Erick Emmanuel Trejo Astudillo<\/li>\n<li data-start=\"199\" data-end=\"848\">Maria De F\u00e1tima Carrera Garduza<\/li>\n<li data-start=\"199\" data-end=\"848\">Carlos Emmanuel Alc\u00e1ntara Morales<\/li>\n<\/ul>\n<h5><span style=\"color: #003366;\"><strong>BECA COMPROMISO CICE | UNIVERSIDAD CRIST\u00d3BAL COL\u00d3N<\/strong><\/span><\/h5>\n<ul>\n<li data-start=\"199\" data-end=\"848\">Mar\u00eda Gabriela Esquivel Zu\u00f1iga \u2013 Generaci\u00f3n 2025 &#8211; 2029<\/li>\n<li data-start=\"199\" data-end=\"848\">Maximiliano Proudinat Abasolo \u2013 Generaci\u00f3n 2023 &#8211; 2027<\/li>\n<li data-start=\"199\" data-end=\"848\">Emmanuel Hern\u00e1ndez Delf\u00edn \u2013 Generaci\u00f3n 2023 &#8211; 2027<\/li>\n<\/ul>\n<p>&nbsp;<\/p>\n<p>&nbsp;<\/p>","protected":false},"excerpt":{"rendered":"<p>Becas Compromiso CICE es un programa de responsabilidad social impulsado por Grupo CICE, a trav\u00e9s de Fundaci\u00f3n CICE, que desde hace diecis\u00e9is a\u00f1os promueve la continuidad educativa de j\u00f3venes de secundaria, bachillerato y nivel universitario. A lo largo de este tiempo, se ha consolidado como una iniciativa que reconoce el esfuerzo acad\u00e9mico y fomenta valores [&hellip;]<\/p>\n","protected":false},"author":17,"featured_media":0,"parent":0,"menu_order":0,"comment_status":"closed","ping_status":"closed","template":"","meta":{"_acf_changed":false,"footnotes":""},"class_list":["post-6535","page","type-page","status-publish","hentry"],"acf":[],"aioseo_notices":[],"_links":{"self":[{"href":"https:\/\/home.grupocice.com\/en\/wp-json\/wp\/v2\/pages\/6535","targetHints":{"allow":["GET"]}}],"collection":[{"href":"https:\/\/home.grupocice.com\/en\/wp-json\/wp\/v2\/pages"}],"about":[{"href":"https:\/\/home.grupocice.com\/en\/wp-json\/wp\/v2\/types\/page"}],"author":[{"embeddable":true,"href":"https:\/\/home.grupocice.com\/en\/wp-json\/wp\/v2\/users\/17"}],"replies":[{"embeddable":true,"href":"https:\/\/home.grupocice.com\/en\/wp-json\/wp\/v2\/comments?post=6535"}],"version-history":[{"count":14,"href":"https:\/\/home.grupocice.com\/en\/wp-json\/wp\/v2\/pages\/6535\/revisions"}],"predecessor-version":[{"id":6549,"href":"https:\/\/home.grupocice.com\/en\/wp-json\/wp\/v2\/pages\/6535\/revisions\/6549"}],"wp:attachment":[{"href":"https:\/\/home.grupocice.com\/en\/wp-json\/wp\/v2\/media?parent=6535"}],"curies":[{"name":"wp","href":"https:\/\/api.w.org\/{rel}","templated":true}]}}